{"id":26,"date":"2020-07-14T14:16:10","date_gmt":"2020-07-14T14:16:10","guid":{"rendered":"https:\/\/www.musikschulorganizer.ch\/?page_id=26"},"modified":"2022-07-11T09:05:53","modified_gmt":"2022-07-11T09:05:53","slug":"home","status":"publish","type":"page","link":"https:\/\/www.musikschulorganizer.ch\/","title":{"rendered":"Home"},"content":{"rendered":"<p>[vc_row unlock_row_content=&#187;yes&#187; row_height_percent=&#187;33&#8243; override_padding=&#187;yes&#187; h_padding=&#187;1&#8243; top_padding=&#187;1&#8243; bottom_padding=&#187;5&#8243; back_color=&#187;color-xsdn&#187; overlay_alpha=&#187;50&#8243; gutter_size=&#187;3&#8243; column_width_percent=&#187;100&#8243; shift_y=&#187;0&#8243; z_index=&#187;5&#8243;][vc_column column_width_percent=&#187;100&#8243; position_vertical=&#187;middle&#187; align_horizontal=&#187;align_center&#187; gutter_size=&#187;0&#8243; override_padding=&#187;yes&#187; column_padding=&#187;0&#8243; font_family=&#187;font-123539&#8243; overlay_alpha=&#187;46&#8243; shift_x=&#187;0&#8243; shift_y=&#187;0&#8243; shift_y_down=&#187;-5&#8243; shift_y_down_fixed=&#187;yes&#187; z_index=&#187;0&#8243; medium_width=&#187;0&#8243; align_mobile=&#187;align_center_mobile&#187; mobile_width=&#187;0&#8243; width=&#187;1\/1&#8243;][vc_row_inner row_inner_height_percent=&#187;0&#8243; overlay_alpha=&#187;50&#8243; gutter_size=&#187;0&#8243; shift_y=&#187;3&#8243; z_index=&#187;0&#8243; limit_content=&#187;&#187;][vc_column_inner column_width_percent=&#187;43&#8243; gutter_size=&#187;3&#8243; override_padding=&#187;yes&#187; column_padding=&#187;3&#8243; overlay_alpha=&#187;50&#8243; shift_x=&#187;0&#8243; shift_y=&#187;0&#8243; shift_y_down=&#187;0&#8243; z_index=&#187;0&#8243; medium_width=&#187;0&#8243; mobile_width=&#187;0&#8243; width=&#187;1\/1&#8243;][vc_single_image media=&#187;270&#8243; media_width_percent=&#187;100&#8243; media_ratio=&#187;sixteen-nine&#187; alignment=&#187;center&#187; shadow=&#187;yes&#187; advanced=&#187;yes&#187; media_items=&#187;media|poster,icon|xl&#187; media_overlay_opacity=&#187;15&#8243; media_text_visible=&#187;yes&#187; media_overlay_visible=&#187;yes&#187; media_image_anim=&#187;no&#187; media_h_align=&#187;center&#187; media_padding=&#187;2&#8243; media_icon=&#187;fa fa-play&#187;][\/vc_column_inner][\/vc_row_inner][\/vc_column][\/vc_row][vc_row row_height_percent=&#187;0&#8243; override_padding=&#187;yes&#187; h_padding=&#187;1&#8243; top_padding=&#187;3&#8243; bottom_padding=&#187;3&#8243; back_color=&#187;color-lxmt&#187; overlay_alpha=&#187;100&#8243; gutter_size=&#187;100&#8243; column_width_percent=&#187;100&#8243; shift_y=&#187;0&#8243; z_index=&#187;0&#8243; style=&#187;inherited&#187; row_name=&#187;basismodul&#187;][vc_column column_width_percent=&#187;100&#8243; align_horizontal=&#187;align_center&#187; gutter_size=&#187;3&#8243; overlay_alpha=&#187;100&#8243; shift_x=&#187;0&#8243; shift_y=&#187;0&#8243; shift_y_down=&#187;0&#8243; z_index=&#187;0&#8243; medium_width=&#187;0&#8243; mobile_width=&#187;0&#8243; zoom_width=&#187;0&#8243; zoom_height=&#187;0&#8243; width=&#187;1\/1&#8243; mobile_width_full=&#187;&#187;][vc_row_inner limit_content=&#187;&#187;][vc_column_inner column_width_percent=&#187;100&#8243; align_horizontal=&#187;align_right&#187; gutter_size=&#187;3&#8243; overlay_alpha=&#187;50&#8243; shift_x=&#187;0&#8243; shift_y=&#187;0&#8243; shift_y_down=&#187;0&#8243; z_index=&#187;0&#8243; align_medium=&#187;align_center_tablet&#187; medium_width=&#187;3&#8243; align_mobile=&#187;align_center_mobile&#187; mobile_width=&#187;0&#8243; width=&#187;1\/3&#8243;][vc_icon icon=&#187;fa fa-wallet&#187; icon_color=&#187;color-160226&#8243; size=&#187;fa-3x&#187; text_size=&#187;h4&#8243; text_reduced=&#187;yes&#187; title=&#187;Finanzbuchhaltung&#187; link=&#187;|||&#187;]<strong><span style=\"color: #ff0000;\">&gt;_<\/span> KMU Kontenplan<br \/>\n<\/strong><strong><span style=\"color: #ff0000;\">&gt;_<\/span> Hauptbuch<br \/>\n<\/strong><strong><span style=\"color: #ff0000;\">&gt;_<\/span> Debitoren<br \/>\n<\/strong><strong><span style=\"color: #ff0000;\">&gt;_<\/span> Kreditoren<\/strong>[\/vc_icon][vc_icon icon=&#187;fa fa-document&#187; icon_color=&#187;color-160226&#8243; size=&#187;fa-3x&#187; text_size=&#187;h4&#8243; text_reduced=&#187;yes&#187; title=&#187;Rechnungsstellung&#187; link=&#187;|||&#187;]<strong> <span style=\"color: #ff0000;\">&gt;_<\/span>\u00a0 Auftragsbest\u00e4tigung<\/strong><strong><br \/>\n<span style=\"color: #ff0000;\">&gt;_<\/span> \u00a0<\/strong><strong>Rechnung<br \/>\n<span style=\"color: #ff0000;\">&gt;_<\/span>\u00a0 Abwicklung Ratenzahlung<br \/>\n<span style=\"color: #ff0000;\">&gt;_<\/span>\u00a0 Abwicklung <\/strong><strong>K\u00fcndigung<\/strong>[\/vc_icon][vc_empty_space empty_h=&#187;2&#8243;][\/vc_column_inner][vc_column_inner column_width_percent=&#187;100&#8243; position_vertical=&#187;middle&#187; align_horizontal=&#187;align_center&#187; gutter_size=&#187;3&#8243; overlay_alpha=&#187;50&#8243; shift_x=&#187;0&#8243; shift_y=&#187;0&#8243; shift_y_down=&#187;0&#8243; z_index=&#187;0&#8243; align_medium=&#187;align_center_tablet&#187; medium_width=&#187;3&#8243; align_mobile=&#187;align_center_mobile&#187; mobile_width=&#187;0&#8243; width=&#187;1\/3&#8243;][vc_icon icon=&#187;fa fa-cube&#187; icon_color=&#187;color-160226&#8243; size=&#187;fa-5x&#187; heading_semantic=&#187;h1&#8243; text_size=&#187;h1&#8243; title=&#187;Basismodul&#187;][\/vc_icon][\/vc_column_inner][vc_column_inner column_width_percent=&#187;100&#8243; gutter_size=&#187;3&#8243; overlay_alpha=&#187;50&#8243; shift_x=&#187;0&#8243; shift_y=&#187;0&#8243; shift_y_down=&#187;0&#8243; z_index=&#187;0&#8243; align_medium=&#187;align_center_tablet&#187; medium_width=&#187;3&#8243; align_mobile=&#187;align_center_mobile&#187; mobile_width=&#187;0&#8243; width=&#187;1\/3&#8243;][vc_icon icon=&#187;fa fa-layers2&#8243; icon_color=&#187;color-160226&#8243; size=&#187;fa-3x&#187; text_size=&#187;h4&#8243; text_reduced=&#187;yes&#187; title=&#187;Adressverwaltung&#187; link=&#187;|||&#187;]<strong><span style=\"color: #ff0000;\">&gt;_<\/span> \u00a0Kunden\/Musiksch\u00fcler<br \/>\n<\/strong><strong><span style=\"color: #ff0000;\">&gt;_<\/span> \u00a0Lieferanten<br \/>\n<span style=\"color: #ff0000;\">&gt;_<\/span>\u00a0 I<\/strong><strong>ndividuelle Merkmale definierbar<\/strong>[\/vc_icon][vc_empty_space empty_h=&#187;2&#8243;][vc_icon icon=&#187;fa fa-lock2&#8243; icon_color=&#187;color-160226&#8243; size=&#187;fa-3x&#187; text_size=&#187;h4&#8243; text_reduced=&#187;yes&#187; title=&#187;Verwaltung&#187; link=&#187;|||&#187;]<strong><span style=\"color: #ff0000;\">&gt;_<\/span> Rollen und Berechtigungen Benutzer<\/strong><strong><br \/>\n<\/strong><strong><span style=\"color: #ff0000;\">&gt;_<\/span> Rollen und Berechtigungen Lehrpersonen<br \/>\n<\/strong><strong><span style=\"color: #ff0000;\">&gt;_\u00a0<\/span>Verwaltung Instrumente<br \/>\n<\/strong><strong><span style=\"color: #ff0000;\">&gt;_ <\/span>Verwaltung Standorte<\/strong>[\/vc_icon][\/vc_column_inner][\/vc_row_inner][\/vc_column][\/vc_row][vc_row row_height_percent=&#187;0&#8243; override_padding=&#187;yes&#187; h_padding=&#187;2&#8243; top_padding=&#187;3&#8243; bottom_padding=&#187;3&#8243; overlay_alpha=&#187;0&#8243; gutter_size=&#187;100&#8243; column_width_percent=&#187;100&#8243; shift_y=&#187;0&#8243; z_index=&#187;0&#8243; style=&#187;inherited&#187; row_name=&#187;zusatzmodule&#187;][vc_column column_width_percent=&#187;100&#8243; align_horizontal=&#187;align_center&#187; gutter_size=&#187;4&#8243; overlay_alpha=&#187;100&#8243; shift_x=&#187;0&#8243; shift_y=&#187;0&#8243; shift_y_down=&#187;0&#8243; z_index=&#187;0&#8243; medium_width=&#187;0&#8243; mobile_width=&#187;0&#8243; zoom_width=&#187;0&#8243; zoom_height=&#187;0&#8243; width=&#187;1\/1&#8243;][vc_icon icon=&#187;fa fa-cubes&#187; icon_color=&#187;color-160226&#8243; size=&#187;fa-5x&#187; heading_semantic=&#187;h1&#8243; text_size=&#187;h1&#8243; title=&#187;Zusatzmodule&#187;][\/vc_icon][vc_row_inner row_inner_height_percent=&#187;0&#8243; overlay_alpha=&#187;100&#8243; gutter_size=&#187;4&#8243; shift_y=&#187;0&#8243; limit_content=&#187;&#187;][vc_column_inner column_width_percent=&#187;100&#8243; align_horizontal=&#187;align_center&#187; gutter_size=&#187;3&#8243; overlay_alpha=&#187;100&#8243; shift_x=&#187;0&#8243; shift_y=&#187;0&#8243; shift_y_down=&#187;0&#8243; z_index=&#187;0&#8243; medium_width=&#187;3&#8243; mobile_width=&#187;0&#8243; zoom_width=&#187;0&#8243; zoom_height=&#187;0&#8243; width=&#187;1\/3&#8243;][vc_icon icon=&#187;fa fa-desktop2&#8243; icon_color=&#187;accent&#187; size=&#187;fa-3x&#187; text_size=&#187;h4&#8243; align=&#187;left&#187; title=&#187;Onlineanmeldungen durch Kunden&#187;]Mit der Onlinemeldung bieten Sie Ihren Kunden rund um die Uhr die M\u00f6glichkeit sich f\u00fcr Ihre Kurse &amp; Veranstaltungen anzumelden, erweitern so Ihre \u00d6ffnungszeiten ohne Mehrkosten und minimieren Ihren administrativen Aufwand.[\/vc_icon][\/vc_column_inner][vc_column_inner column_width_percent=&#187;100&#8243; align_horizontal=&#187;align_center&#187; gutter_size=&#187;3&#8243; overlay_alpha=&#187;100&#8243; shift_x=&#187;0&#8243; shift_y=&#187;0&#8243; shift_y_down=&#187;0&#8243; z_index=&#187;0&#8243; medium_width=&#187;3&#8243; mobile_width=&#187;0&#8243; zoom_width=&#187;0&#8243; zoom_height=&#187;0&#8243; width=&#187;1\/3&#8243;][vc_icon icon=&#187;fa fa-users2&#8243; icon_color=&#187;accent&#187; size=&#187;fa-3x&#187; text_size=&#187;h4&#8243; align=&#187;left&#187; title=&#187;Lehrerportal&#187;]Erstellen Sie f\u00fcr jede Lehrperson einen eigenen Account mit individuellen Zugriffsrechten. So k\u00f6nnen die Lehrpersonen z.B. die Sch\u00fclerlisten herunterladen, ihre Stundenpl\u00e4ne selbst definieren oder die Absenzenkontrolle online f\u00fchren.[\/vc_icon][\/vc_column_inner][vc_column_inner column_width_percent=&#187;100&#8243; align_horizontal=&#187;align_center&#187; gutter_size=&#187;3&#8243; overlay_alpha=&#187;100&#8243; shift_x=&#187;0&#8243; shift_y=&#187;0&#8243; shift_y_down=&#187;0&#8243; z_index=&#187;0&#8243; medium_width=&#187;3&#8243; mobile_width=&#187;0&#8243; zoom_width=&#187;0&#8243; zoom_height=&#187;0&#8243; width=&#187;1\/3&#8243;][vc_icon icon=&#187;fa fa-notebook&#187; icon_color=&#187;accent&#187; size=&#187;fa-3x&#187; text_size=&#187;h4&#8243; align=&#187;left&#187; title=&#187;Musikzimmer Beschriftung&#187;]Beschriften Sie Ihre Musikzimmer mit den gebuchten Musiklektionen in Echtzeit. So verschaffen Sie sich mit ein paar Klicks eine Belegungs\u00fcbersicht Ihrer Musikzimmer und schonen zu dem Ressourcen in Form von Papier.[\/vc_icon][\/vc_column_inner][\/vc_row_inner][vc_row_inner row_inner_height_percent=&#187;0&#8243; overlay_alpha=&#187;100&#8243; gutter_size=&#187;4&#8243; shift_y=&#187;0&#8243; z_index=&#187;0&#8243; limit_content=&#187;&#187;][vc_column_inner column_width_percent=&#187;100&#8243; align_horizontal=&#187;align_center&#187; gutter_size=&#187;3&#8243; overlay_alpha=&#187;100&#8243; shift_x=&#187;0&#8243; shift_y=&#187;0&#8243; shift_y_down=&#187;0&#8243; z_index=&#187;0&#8243; medium_width=&#187;3&#8243; mobile_width=&#187;0&#8243; zoom_width=&#187;0&#8243; zoom_height=&#187;0&#8243; width=&#187;1\/3&#8243;][vc_icon icon=&#187;fa fa-wallet&#187; icon_color=&#187;accent&#187; size=&#187;fa-3x&#187; text_size=&#187;h4&#8243; align=&#187;left&#187; title=&#187;Lohn&#187;]Managen Sie die komplette Lohnbuchhaltung f\u00fcr alle g\u00e4ngigen Lohnvarianten und erstellen die entsprechenden Lohnausweise. Unabh\u00e4nig davon ob es sich um Montaslohn, Stundenlohn, Semesterlohn oder Jahreslohn handelt &#8211; das Lohnmodul deckt alle Eventualit\u00e4ten ab.[\/vc_icon][\/vc_column_inner][vc_column_inner column_width_percent=&#187;100&#8243; align_horizontal=&#187;align_center&#187; gutter_size=&#187;3&#8243; overlay_alpha=&#187;100&#8243; shift_x=&#187;0&#8243; shift_y=&#187;0&#8243; shift_y_down=&#187;0&#8243; z_index=&#187;0&#8243; medium_width=&#187;3&#8243; mobile_width=&#187;0&#8243; zoom_width=&#187;0&#8243; zoom_height=&#187;0&#8243; width=&#187;1\/3&#8243;][vc_icon icon=&#187;fa fa-music-note&#187; icon_color=&#187;accent&#187; size=&#187;fa-3x&#187; text_size=&#187;h4&#8243; align=&#187;left&#187; title=&#187;Instrumentenmiete&#187;]Sie und Ihre Kunden haben online stets den \u00dcberblick \u00fcber den Lagerbestand Ihrer verf\u00fcgbaren Mietinstrumente. So schaffen Sie einen Wettbewerbsvorteil und Mehreinnahmen f\u00fcr Ihre Musikschule.[\/vc_icon][\/vc_column_inner][vc_column_inner column_width_percent=&#187;100&#8243; align_horizontal=&#187;align_center&#187; gutter_size=&#187;3&#8243; overlay_alpha=&#187;100&#8243; shift_x=&#187;0&#8243; shift_y=&#187;0&#8243; shift_y_down=&#187;0&#8243; z_index=&#187;0&#8243; medium_width=&#187;3&#8243; mobile_width=&#187;0&#8243; zoom_width=&#187;0&#8243; zoom_height=&#187;0&#8243; width=&#187;1\/3&#8243;][vc_icon icon=&#187;fa fa-piechart&#187; icon_color=&#187;accent&#187; size=&#187;fa-3x&#187; text_size=&#187;h4&#8243; align=&#187;left&#187; title=&#187;Stufentest&#187;]Der Stufentest dient der individuellen Standortbestimmung. Die Anmeldung erfolgt \u00fcber die Musiklehrperson. So bilden Sch\u00fcler, Lehrer und Eltern ein Triangel und stehen immer im engen Austausch betreffend Leistung und Entwicklungsm\u00f6glichkeiten.[\/vc_icon][\/vc_column_inner][\/vc_row_inner][vc_row_inner row_inner_height_percent=&#187;0&#8243; overlay_alpha=&#187;100&#8243; gutter_size=&#187;4&#8243; shift_y=&#187;0&#8243; z_index=&#187;0&#8243; limit_content=&#187;&#187;][vc_column_inner column_width_percent=&#187;100&#8243; align_horizontal=&#187;align_center&#187; gutter_size=&#187;3&#8243; overlay_alpha=&#187;100&#8243; shift_x=&#187;0&#8243; shift_y=&#187;0&#8243; shift_y_down=&#187;0&#8243; z_index=&#187;0&#8243; medium_width=&#187;3&#8243; mobile_width=&#187;0&#8243; zoom_width=&#187;0&#8243; zoom_height=&#187;0&#8243; width=&#187;1\/3&#8243;][vc_icon icon=&#187;fa fa-earth&#187; icon_color=&#187;accent&#187; size=&#187;fa-3x&#187; text_size=&#187;h4&#8243; align=&#187;left&#187; title=&#187;Integration in bestehende Webseite&#187;]Verkn\u00fcpfen Sie Ihre Webseite mit dem Musikschulorganizer. So integrieren Sie bestehende Daten in Ihre Musikschulverwaltung und k\u00f6nnen die Datens\u00e4tze f\u00fcr weiterf\u00fchrende Zwecke verwenden.[\/vc_icon][\/vc_column_inner][vc_column_inner column_width_percent=&#187;100&#8243; align_horizontal=&#187;align_center&#187; gutter_size=&#187;3&#8243; overlay_alpha=&#187;100&#8243; shift_x=&#187;0&#8243; shift_y=&#187;0&#8243; shift_y_down=&#187;0&#8243; z_index=&#187;0&#8243; medium_width=&#187;3&#8243; mobile_width=&#187;0&#8243; zoom_width=&#187;0&#8243; zoom_height=&#187;0&#8243; width=&#187;1\/3&#8243;][vc_icon icon=&#187;fa fa-gift4&#8243; icon_color=&#187;accent&#187; size=&#187;fa-3x&#187; text_size=&#187;h4&#8243; align=&#187;left&#187; title=&#187;Gutscheine&#187;]Freude bereiten in Form eines Gutscheines ist immer eine willkommene Sache und f\u00f6rdert den Umsatz. Lassen Sie Ihre Kunden zwischen festgelegten -und frei w\u00e4hlbaren Guthaben w\u00e4hlen oder Ihren Wunschtext auf den Gutschein aufdrucken. Gutscheine k\u00f6nnen aufgesplittet werden, der Restbetrag wird gespeichert. Des Weiteren definieren Sie ob nur bezahlte Gutscheine eingel\u00f6st werden k\u00f6nnen oder auch Unbezahlte.[\/vc_icon][\/vc_column_inner][vc_column_inner column_width_percent=&#187;100&#8243; align_horizontal=&#187;align_center&#187; gutter_size=&#187;3&#8243; overlay_alpha=&#187;100&#8243; shift_x=&#187;0&#8243; shift_y=&#187;0&#8243; shift_y_down=&#187;0&#8243; z_index=&#187;0&#8243; medium_width=&#187;3&#8243; mobile_width=&#187;0&#8243; zoom_width=&#187;0&#8243; zoom_height=&#187;0&#8243; width=&#187;1\/3&#8243;][vc_icon icon=&#187;fa fa-home3&#8243; icon_color=&#187;accent&#187; size=&#187;fa-3x&#187; text_size=&#187;h4&#8243; align=&#187;left&#187; title=&#187;Musiklager&#187;]Erfolgreiche Musiklager zeichnen sich oft durch gut vorangegangene Planung aus. Dieses Modul unterst\u00fctzt Sie bei der Planung und Realisierung Ihrer Musiklager. Erfassung von verschiedenen Musiklagern, Begrenzung der Teilnehmer, Email Benachrichtigungen und automatische Verrechnung sind nur einige Vorteile dieses Zusatzmoduls.[\/vc_icon][\/vc_column_inner][\/vc_row_inner][\/vc_column][\/vc_row][vc_row row_height_percent=&#187;39&#8243; override_padding=&#187;yes&#187; h_padding=&#187;2&#8243; top_padding=&#187;3&#8243; bottom_padding=&#187;3&#8243; back_color=&#187;color-lxmt&#187; overlay_alpha=&#187;79&#8243; gutter_size=&#187;3&#8243; column_width_percent=&#187;100&#8243; shift_y=&#187;0&#8243; z_index=&#187;0&#8243;][vc_column column_width_percent=&#187;100&#8243; position_vertical=&#187;middle&#187; gutter_size=&#187;3&#8243; overlay_alpha=&#187;50&#8243; shift_x=&#187;0&#8243; shift_y=&#187;0&#8243; shift_y_down=&#187;0&#8243; z_index=&#187;0&#8243; medium_width=&#187;0&#8243; mobile_width=&#187;0&#8243; shadow=&#187;lg&#187; width=&#187;1\/1&#8243;][vc_row_inner row_inner_height_percent=&#187;0&#8243; overlay_alpha=&#187;50&#8243; equal_height=&#187;yes&#187; gutter_size=&#187;0&#8243; shift_y=&#187;0&#8243; z_index=&#187;0&#8243; limit_content=&#187;&#187;][vc_column_inner column_width_percent=&#187;100&#8243; position_vertical=&#187;middle&#187; gutter_size=&#187;3&#8243; override_padding=&#187;yes&#187; column_padding=&#187;4&#8243; back_color=&#187;color-xsdn&#187; overlay_alpha=&#187;50&#8243; shift_x=&#187;0&#8243; shift_y=&#187;0&#8243; shift_y_down=&#187;0&#8243; z_index=&#187;0&#8243; medium_width=&#187;0&#8243; mobile_width=&#187;0&#8243; width=&#187;1\/2&#8243;][vc_custom_heading heading_semantic=&#187;h3&#8243; text_size=&#187;h1&#8243;]Kontakt[\/vc_custom_heading][vc_column_text]Schreiben Sie uns oder rufen Sie direkt an. Wir freuen und auf Sie.<\/p>\n<p><span class=\"difftabs\">Tel.<\/span> <span style=\"color: #ff0000;\">044 947 11 22<\/span><br \/>\n<span class=\"difftabs\">Mail<\/span> <span style=\"color: #ff0000;\"><a style=\"color: #ff0000;\" href=\"mailto:info@leanux.ch\">info@leanux.ch<\/a><\/span><br \/>\n<span class=\"difftabs\">Web<\/span> <span style=\"color: #ff0000;\"><a style=\"color: #ff0000;\" href=\"https:\/\/www.leanux.ch\">www.leanux.ch<\/a><\/span>[\/vc_column_text][\/vc_column_inner][vc_column_inner column_width_percent=&#187;100&#8243; gutter_size=&#187;3&#8243; back_color=&#187;color-207373&#8243; overlay_alpha=&#187;50&#8243; shift_x=&#187;0&#8243; shift_y=&#187;0&#8243; shift_y_down=&#187;0&#8243; z_index=&#187;0&#8243; medium_width=&#187;0&#8243; mobile_width=&#187;0&#8243; width=&#187;1\/2&#8243;][vc_single_image media=&#187;257&#8243; media_lightbox=&#187;yes&#187; media_width_percent=&#187;100&#8243; media_ratio=&#187;sixteen-nine&#187; alignment=&#187;center&#187;][\/vc_column_inner][\/vc_row_inner][\/vc_column][\/vc_row][vc_row row_height_percent=&#187;0&#8243; override_padding=&#187;yes&#187; h_padding=&#187;1&#8243; top_padding=&#187;3&#8243; bottom_padding=&#187;3&#8243; overlay_alpha=&#187;100&#8243; gutter_size=&#187;3&#8243; column_width_percent=&#187;100&#8243; border_color=&#187;color-gyho&#187; border_style=&#187;solid&#187; shift_y=&#187;0&#8243; z_index=&#187;0&#8243; row_name=&#187;referenzen&#187;][vc_column column_width_percent=&#187;100&#8243; align_horizontal=&#187;align_center&#187; gutter_size=&#187;3&#8243; overlay_alpha=&#187;100&#8243; shift_x=&#187;0&#8243; shift_y=&#187;0&#8243; z_index=&#187;0&#8243; medium_width=&#187;0&#8243; zoom_width=&#187;0&#8243; zoom_height=&#187;0&#8243; width=&#187;1\/1&#8243;][vc_custom_heading]Referenzen[\/vc_custom_heading][vc_gallery el_id=&#187;gallery-85457&#8243; type=&#187;carousel&#187; random=&#187;yes&#187; medias=&#187;35,36,37,38,173&#8243; carousel_lg=&#187;3&#8243; carousel_md=&#187;3&#8243; carousel_sm=&#187;1&#8243; gutter_size=&#187;3&#8243; media_items=&#187;media|nolink|original,icon&#187; carousel_interval=&#187;3000&#8243; carousel_navspeed=&#187;400&#8243; carousel_loop=&#187;yes&#187; carousel_dots=&#187;yes&#187; carousel_dots_mobile=&#187;yes&#187; stage_padding=&#187;0&#8243; single_overlay_opacity=&#187;50&#8243; single_overlay_anim=&#187;no&#187; single_text_anim=&#187;no&#187; single_image_anim=&#187;no&#187; single_padding=&#187;2&#8243; single_border=&#187;yes&#187; title=&#187;Clients&#187; items=&#187;eyIzNV9pIjp7InNpbmdsZV9saW5rIjoidXJsOmh0dHBzJTNBJTJGJTJGd3d3Lm11c2lrc2NodWxlLWVtcy5jaHx8dGFyZ2V0OiUyMF9ibGFua3wiLCJzaW5nbGVfbGF5b3V0X21lZGlhX2l0ZW1zIjoibWVkaWF8Y3VzdG9tX2xpbmt8b3JpZ2luYWwifSwiMzdfaSI6eyJzaW5nbGVfbGluayI6InVybDpodHRwcyUzQSUyRiUyRnByb3ZhLmNofHx0YXJnZXQ6JTIwX2JsYW5rfCIsInNpbmdsZV9sYXlvdXRfbWVkaWFfaXRlbXMiOiJtZWRpYXxjdXN0b21fbGlua3xvcmlnaW5hbCJ9LCIzNl9pIjp7InNpbmdsZV9saW5rIjoidXJsOmh0dHBzJTNBJTJGJTJGd3d3Lm16b2wuY2h8fHRhcmdldDolMjBfYmxhbmt8Iiwic2luZ2xlX2xheW91dF9tZWRpYV9pdGVtcyI6Im1lZGlhfGN1c3RvbV9saW5rfG9yaWdpbmFsIn0sIjM4X2kiOnsic2luZ2xlX2xpbmsiOiJ1cmw6aHR0cHMlM0ElMkYlMkZ3d3cubXVzaWtzY2h1bGV2aWFtYWxhLmNofHx0YXJnZXQ6JTIwX2JsYW5rfCIsInNpbmdsZV9sYXlvdXRfbWVkaWFfaXRlbXMiOiJtZWRpYXxjdXN0b21fbGlua3xvcmlnaW5hbCJ9LCIxNzNfaSI6eyJzaW5nbGVfbGluayI6InVybDpodHRwcyUzQSUyRiUyRmptay5zd2lzc3x8dGFyZ2V0OiUyMF9ibGFua3wiLCJzaW5nbGVfbGF5b3V0X21lZGlhX2l0ZW1zIjoibWVkaWF8Y3VzdG9tX2xpbmt8b3JpZ2luYWwifX0=&#187;][\/vc_column][\/vc_row]<\/p>\n","protected":false},"excerpt":{"rendered":"<p>[vc_row unlock_row_content=&#187;yes&#187; row_height_percent=&#187;33&#8243; override_padding=&#187;yes&#187; h_padding=&#187;1&#8243; top_padding=&#187;1&#8243; bottom_padding=&#187;5&#8243; back_color=&#187;color-xsdn&#187; overlay_alpha=&#187;50&#8243; gutter_size=&#187;3&#8243; column_width_percent=&#187;100&#8243; shift_y=&#187;0&#8243; z_index=&#187;5&#8243;][vc_column column_width_percent=&#187;100&#8243; position_vertical=&#187;middle&#187; align_horizontal=&#187;align_center&#187; gutter_size=&#187;0&#8243; override_padding=&#187;yes&#187; column_padding=&#187;0&#8243; font_family=&#187;font-123539&#8243; [&hellip;]<\/p>\n","protected":false},"author":1,"featured_media":0,"parent":0,"menu_order":0,"comment_status":"closed","ping_status":"closed","template":"","meta":[],"_links":{"self":[{"href":"https:\/\/www.musikschulorganizer.ch\/index.php?rest_route=\/wp\/v2\/pages\/26"}],"collection":[{"href":"https:\/\/www.musikschulorganizer.ch\/index.php?rest_route=\/wp\/v2\/pages"}],"about":[{"href":"https:\/\/www.musikschulorganizer.ch\/index.php?rest_route=\/wp\/v2\/types\/page"}],"author":[{"embeddable":true,"href":"https:\/\/www.musikschulorganizer.ch\/index.php?rest_route=\/wp\/v2\/users\/1"}],"replies":[{"embeddable":true,"href":"https:\/\/www.musikschulorganizer.ch\/index.php?rest_route=%2Fwp%2Fv2%2Fcomments&post=26"}],"version-history":[{"count":200,"href":"https:\/\/www.musikschulorganizer.ch\/index.php?rest_route=\/wp\/v2\/pages\/26\/revisions"}],"predecessor-version":[{"id":274,"href":"https:\/\/www.musikschulorganizer.ch\/index.php?rest_route=\/wp\/v2\/pages\/26\/revisions\/274"}],"wp:attachment":[{"href":"https:\/\/www.musikschulorganizer.ch\/index.php?rest_route=%2Fwp%2Fv2%2Fmedia&parent=26"}],"curies":[{"name":"wp","href":"https:\/\/api.w.org\/{rel}","templated":true}]}}